{"id":7,"date":"2016-01-14T23:37:54","date_gmt":"2016-01-14T23:37:54","guid":{"rendered":"http:\/\/warszawa.ptnw.pl\/?page_id=7"},"modified":"2025-10-21T11:04:31","modified_gmt":"2025-10-21T10:04:31","slug":"kontakt","status":"publish","type":"page","link":"http:\/\/warszawa.ptnw.pl\/?page_id=7","title":{"rendered":"KONTAKT"},"content":{"rendered":"<h4>Polskie Towarzystwo Nauk Weterynaryjnych Oddzia\u0142 w Warszawie<\/h4>\n<p><a href=\"https:\/\/www.facebook.com\/ptnwwarszawa\/\" target=\"_blank\" rel=\"noopener\"><img loading=\"lazy\" decoding=\"async\" class=\"wp-image-49 size-full alignright\" src=\"http:\/\/warszawa.ptnw.pl\/wp-content\/uploads\/2016\/01\/Facebook-e1458235241934.png\" alt=\"\" width=\"30\" height=\"30\" \/><\/a><\/p>\n<p><strong>Zarz\u0105d (kadencja 2024-2027):<br \/><\/strong>Przewodnicz\u0105cy: prof. dr hab. Krzysztof Anusz<em><br \/><\/em><a href=\"mailto:krzysztof_anusz@sggw.edu.pl\">krzysztof_anusz@sggw.edu.pl<\/a><br \/>tel.: +48 22 59 36075<\/p>\n<p>Wiceprzewodnicz\u0105cy: dr hab. Tomasz Sadkowski, prof. SGGW<br \/><a href=\"mailto:tomasz_sadkowski@sggw.edu.pl\">tomasz_sadkowski@sggw.edu.pl<\/a><br \/>tel.: +48 22 59 36263<\/p>\n<p>Sekretarz: dr Kaja Urba\u0144ska<em><br \/><\/em><a href=\"mailto:kaja_urbanska@sggw.edu.pl\">kaja_urbanska@sggw.edu.pl<br \/><\/a>tel.: +48 22 59 36219<\/p>\n<p>Skarbnik: dr hab. Justyna Soko\u0142owska<em><br \/><\/em><a href=\"mailto:justyna_sokolowska@sggw.edu.pl\">justyna_sokolowska@sggw.edu.pl<\/a><br \/>tel.: +48 22 59 36212<\/p>\n<p>Cz\u0142onkowie Zarz\u0105du:<br \/>dr hab. Magdalena Ch\u0142opecka, prof. SGGW<br \/>dr hab. Tomasz Szara (2025.04-2027)<br \/>dr Natalia Dziekan (2024-2025.04)<\/p>\n<p><strong>Komisja Rewizyjna:<br \/><\/strong>Przewodnicz\u0105cy: dr Micha\u0142 Tracz (2025.06-2027)<br \/><a href=\"mailto:michal_tracz@sggw.edu.pl\">michal_tracz@sggw.edu.pl<\/a><br \/>tel.: +48 22 593 60 78<br \/>Przewodnicz\u0105ca: dr hab. Anna Pyziel (2024-2025.06)<\/p>\n<p>Cz\u0142onkinie Komisji Rewizyjnej:<br \/>dr hab. Joanna P\u0142awi\u0144ska-Czarnak, prof. SGGW<br \/>dr hab. Marta Mendel, prof. SGGW<\/p>\n<p>Pracuj\u0105cym cz\u0142onkom Oddzia\u0142u Warszawskiego PTNW przypominamy o konieczno\u015bci wnoszenia sk\u0142adek. Sk\u0142adka roczna wynosi 90 z\u0142.<br \/>PKO BP konto nr: 05 1020 1127 0000 1202 0228 6300.<\/p>\n\n\n<p><\/p>\n","protected":false},"excerpt":{"rendered":"<p>Polskie Towarzystwo Nauk Weterynaryjnych Oddzia\u0142 w Warszawie Zarz\u0105d (kadencja 2024-2027):Przewodnicz\u0105cy: prof. dr hab. Krzysztof Anuszkrzysztof_anusz@sggw.edu.pltel.: +48 22 59 36075 Wiceprzewodnicz\u0105cy: dr hab. Tomasz Sadkowski, prof. SGGWtomasz_sadkowski@sggw.edu.pltel.: +48 22 59 36263 Sekretarz: dr Kaja Urba\u0144skakaja_urbanska@sggw.edu.pltel.: +48 22 59 36219 Skarbnik: dr &hellip; <a href=\"http:\/\/warszawa.ptnw.pl\/?page_id=7\">Czytaj dalej <span class=\"meta-nav\">&rarr;<\/span><\/a><\/p>\n","protected":false},"author":2,"featured_media":0,"parent":0,"menu_order":0,"comment_status":"closed","ping_status":"closed","template":"","meta":{"footnotes":""},"class_list":["post-7","page","type-page","status-publish","hentry"],"_links":{"self":[{"href":"http:\/\/warszawa.ptnw.pl\/index.php?rest_route=\/wp\/v2\/pages\/7","targetHints":{"allow":["GET"]}}],"collection":[{"href":"http:\/\/warszawa.ptnw.pl\/index.php?rest_route=\/wp\/v2\/pages"}],"about":[{"href":"http:\/\/warszawa.ptnw.pl\/index.php?rest_route=\/wp\/v2\/types\/page"}],"author":[{"embeddable":true,"href":"http:\/\/warszawa.ptnw.pl\/index.php?rest_route=\/wp\/v2\/users\/2"}],"replies":[{"embeddable":true,"href":"http:\/\/warszawa.ptnw.pl\/index.php?rest_route=%2Fwp%2Fv2%2Fcomments&post=7"}],"version-history":[{"count":23,"href":"http:\/\/warszawa.ptnw.pl\/index.php?rest_route=\/wp\/v2\/pages\/7\/revisions"}],"predecessor-version":[{"id":468,"href":"http:\/\/warszawa.ptnw.pl\/index.php?rest_route=\/wp\/v2\/pages\/7\/revisions\/468"}],"wp:attachment":[{"href":"http:\/\/warszawa.ptnw.pl\/index.php?rest_route=%2Fwp%2Fv2%2Fmedia&parent=7"}],"curies":[{"name":"wp","href":"https:\/\/api.w.org\/{rel}","templated":true}]}}